{"id":1875,"date":"2026-03-03T06:03:55","date_gmt":"2026-03-03T06:03:55","guid":{"rendered":"https:\/\/retrofootballjersey.com\/product\/arsenal-retro-gradient-jersey\/"},"modified":"2026-04-01T12:08:25","modified_gmt":"2026-04-01T12:08:25","slug":"arsenal-retro-gradient-jersey","status":"publish","type":"product","link":"https:\/\/retrofootballjersey.com\/fr\/produit\/arsenal-retro-gradient-jersey\/","title":{"rendered":"Arsenal Retro Gradient Jersey"},"content":{"rendered":"","protected":false},"excerpt":{"rendered":"<h4 data-start=\"695\" data-end=\"744\">Arsenal Retro Gradient Special Edition Jersey<\/h4>\n<p data-start=\"746\" data-end=\"991\">D\u00e9marquez-vous avec ce maillot de football r\u00e9tro d&rsquo;Arsenal, dot\u00e9 d&rsquo;un superbe motif d\u00e9grad\u00e9 menthe et violet. R\u00e9interpr\u00e9tation audacieuse d&rsquo;un style classique, ce maillot en \u00e9dition sp\u00e9ciale allie esth\u00e9tique moderne et \u00e9l\u00e9ments du patrimoine. <\/p>\n<h4 data-start=\"993\" data-end=\"1007\">Caract\u00e9ristiques :<\/h4>\n<ul data-start=\"1008\" data-end=\"1264\">\n<li data-start=\"1008\" data-end=\"1055\">\n<p data-start=\"1010\" data-end=\"1055\">Motif unique de d\u00e9grad\u00e9 vert menthe et violet<\/p>\n<\/li>\n<li data-start=\"1056\" data-end=\"1100\">\n<p data-start=\"1058\" data-end=\"1100\">Logo Adidas en forme de tr\u00e8fle d&rsquo;inspiration r\u00e9tro<\/p>\n<\/li>\n<li data-start=\"1101\" data-end=\"1146\">\n<p data-start=\"1103\" data-end=\"1146\">Impression du sponsor frontal \u00ab\u00a0Fly Better\u00a0\u00bb d&rsquo;Emirates<\/p>\n<\/li>\n<li data-start=\"1147\" data-end=\"1181\">\n<p data-start=\"1149\" data-end=\"1181\">Tissu l\u00e9ger et respirant<\/p>\n<\/li>\n<li data-start=\"1182\" data-end=\"1210\">\n<p data-start=\"1184\" data-end=\"1210\">Coupe athl\u00e9tique confortable<\/p>\n<\/li>\n<li data-start=\"1211\" data-end=\"1264\">\n<p data-start=\"1213\" data-end=\"1264\">Convient pour les jours de match, les v\u00eatements de ville ou les collections<\/p>\n<\/li>\n<\/ul>\n<p data-start=\"1266\" data-end=\"1457\">Con\u00e7u pour les supporters d&rsquo;Arsenal qui appr\u00e9cient les designs distinctifs, ce maillot offre \u00e0 la fois style et confort. Il est parfait pour les tenues d\u00e9contract\u00e9es, les entra\u00eenements de football ou comme pi\u00e8ce de collection. <\/p>\n","protected":false},"featured_media":1876,"comment_status":"open","ping_status":"closed","template":"","meta":[],"product_brand":[],"product_cat":[465,463],"product_tag":[473,469,474,467,466,471,475,472,468,470],"class_list":{"0":"post-1875","1":"product","2":"type-product","3":"status-publish","4":"has-post-thumbnail","6":"product_cat-arsenal","7":"product_cat-maillots-speciaux","8":"product_tag-adidas-retro-style","9":"product_tag-edition-speciale-arsenal","10":"product_tag-kit-version-ventilateur","11":"product_tag-maillot-darsenal","12":"product_tag-maillot-de-foot","13":"product_tag-maillot-de-football-degrade","14":"product_tag-maillot-de-football-unisexe","15":"product_tag-maillot-de-la-premiere-ligue","16":"product_tag-maillot-retro-darsenal","17":"product_tag-maillot-violet-menthe","18":"pa_size-3xl","19":"pa_size-4xl","20":"pa_size-l","21":"pa_size-m","22":"pa_size-s","23":"pa_size-xl","24":"pa_size-xxl","25":"wcpa_has_options","27":"first","28":"instock","29":"shipping-taxable","30":"purchasable","31":"product-type-variable"},"jetpack_sharing_enabled":true,"_links":{"self":[{"href":"https:\/\/retrofootballjersey.com\/fr\/wp-json\/wp\/v2\/product\/1875","targetHints":{"allow":["GET"]}}],"collection":[{"href":"https:\/\/retrofootballjersey.com\/fr\/wp-json\/wp\/v2\/product"}],"about":[{"href":"https:\/\/retrofootballjersey.com\/fr\/wp-json\/wp\/v2\/types\/product"}],"replies":[{"embeddable":true,"href":"https:\/\/retrofootballjersey.com\/fr\/wp-json\/wp\/v2\/comments?post=1875"}],"wp:featuredmedia":[{"embeddable":true,"href":"https:\/\/retrofootballjersey.com\/fr\/wp-json\/wp\/v2\/media\/1876"}],"wp:attachment":[{"href":"https:\/\/retrofootballjersey.com\/fr\/wp-json\/wp\/v2\/media?parent=1875"}],"wp:term":[{"taxonomy":"product_brand","embeddable":true,"href":"https:\/\/retrofootballjersey.com\/fr\/wp-json\/wp\/v2\/product_brand?post=1875"},{"taxonomy":"product_cat","embeddable":true,"href":"https:\/\/retrofootballjersey.com\/fr\/wp-json\/wp\/v2\/product_cat?post=1875"},{"taxonomy":"product_tag","embeddable":true,"href":"https:\/\/retrofootballjersey.com\/fr\/wp-json\/wp\/v2\/product_tag?post=1875"}],"curies":[{"name":"wp","href":"https:\/\/api.w.org\/{rel}","templated":true}]}}